{"id":454,"date":"2022-05-16T15:36:36","date_gmt":"2022-05-16T13:36:36","guid":{"rendered":"https:\/\/avp.demo-izhak.fr\/services-VAE\/?page_id=454"},"modified":"2026-03-16T16:04:41","modified_gmt":"2026-03-16T15:04:41","slug":"tarifs-de-latelier","status":"publish","type":"page","link":"https:\/\/alsacevelopassion.fr\/services-VAE\/tarifs-de-latelier\/","title":{"rendered":"ATELIER TARIFS"},"content":{"rendered":"","protected":false},"excerpt":{"rendered":"","protected":false},"author":1,"featured_media":0,"parent":0,"menu_order":0,"comment_status":"closed","ping_status":"closed","template":"","meta":{"_acf_changed":false,"inline_featured_image":false,"footnotes":""},"class_list":["post-454","page","type-page","status-publish","hentry"],"acf":[],"yoast_head":"<!-- This site is optimized with the Yoast SEO plugin v26.6 - https:\/\/yoast.com\/wordpress\/plugins\/seo\/ -->\n<title>ATELIER TARIFS - Alsace V\u00e9lo Passion<\/title>\n<meta name=\"description\" content=\"Tarifs atelier v\u00e9lo et VAE \u00e0 Marlenheim, Strasbourg &amp; Bas\u2011Rhin \u2013 prix d\u2019entretien, r\u00e9paration et r\u00e9vision pour tous types de v\u00e9los. Alsace V\u00e9lo Passion, experts v\u00e9lo en Alsace\" \/>\n<meta name=\"robots\" content=\"index, follow, max-snippet:-1, max-image-preview:large, max-video-preview:-1\" \/>\n<link rel=\"canonical\" href=\"https:\/\/alsacevelopassion.fr\/services-VAE\/tarifs-de-latelier\/\" \/>\n<meta property=\"og:locale\" content=\"fr_FR\" \/>\n<meta property=\"og:type\" content=\"article\" \/>\n<meta property=\"og:title\" content=\"ATELIER TARIFS - Alsace V\u00e9lo Passion\" \/>\n<meta property=\"og:description\" content=\"Tarifs atelier v\u00e9lo et VAE \u00e0 Marlenheim, Strasbourg &amp; Bas\u2011Rhin \u2013 prix d\u2019entretien, r\u00e9paration et r\u00e9vision pour tous types de v\u00e9los. Alsace V\u00e9lo Passion, experts v\u00e9lo en Alsace\" \/>\n<meta property=\"og:url\" content=\"https:\/\/alsacevelopassion.fr\/services-VAE\/tarifs-de-latelier\/\" \/>\n<meta property=\"og:site_name\" content=\"Alsace V\u00e9lo Passion\" \/>\n<meta property=\"article:modified_time\" content=\"2026-03-16T15:04:41+00:00\" \/>\n<meta name=\"twitter:card\" content=\"summary_large_image\" \/>\n<script type=\"application\/ld+json\" class=\"yoast-schema-graph\">{\"@context\":\"https:\/\/schema.org\",\"@graph\":[{\"@type\":\"WebPage\",\"@id\":\"https:\/\/alsacevelopassion.fr\/services-VAE\/tarifs-de-latelier\/\",\"url\":\"https:\/\/alsacevelopassion.fr\/services-VAE\/tarifs-de-latelier\/\",\"name\":\"ATELIER TARIFS - Alsace V\u00e9lo Passion\",\"isPartOf\":{\"@id\":\"https:\/\/alsacevelopassion.fr\/services-VAE\/#website\"},\"datePublished\":\"2022-05-16T13:36:36+00:00\",\"dateModified\":\"2026-03-16T15:04:41+00:00\",\"description\":\"Tarifs atelier v\u00e9lo et VAE \u00e0 Marlenheim, Strasbourg & Bas\u2011Rhin \u2013 prix d\u2019entretien, r\u00e9paration et r\u00e9vision pour tous types de v\u00e9los. Alsace V\u00e9lo Passion, experts v\u00e9lo en Alsace\",\"breadcrumb\":{\"@id\":\"https:\/\/alsacevelopassion.fr\/services-VAE\/tarifs-de-latelier\/#breadcrumb\"},\"inLanguage\":\"fr-FR\",\"potentialAction\":[{\"@type\":\"ReadAction\",\"target\":[\"https:\/\/alsacevelopassion.fr\/services-VAE\/tarifs-de-latelier\/\"]}]},{\"@type\":\"BreadcrumbList\",\"@id\":\"https:\/\/alsacevelopassion.fr\/services-VAE\/tarifs-de-latelier\/#breadcrumb\",\"itemListElement\":[{\"@type\":\"ListItem\",\"position\":1,\"name\":\"Home\",\"item\":\"https:\/\/alsacevelopassion.fr\/services-VAE\/\"},{\"@type\":\"ListItem\",\"position\":2,\"name\":\"ATELIER TARIFS\"}]},{\"@type\":\"WebSite\",\"@id\":\"https:\/\/alsacevelopassion.fr\/services-VAE\/#website\",\"url\":\"https:\/\/alsacevelopassion.fr\/services-VAE\/\",\"name\":\"Alsace V\u00e9lo Passion\",\"description\":\"Un site utilisant WordPress\",\"potentialAction\":[{\"@type\":\"SearchAction\",\"target\":{\"@type\":\"EntryPoint\",\"urlTemplate\":\"https:\/\/alsacevelopassion.fr\/services-VAE\/?s={search_term_string}\"},\"query-input\":{\"@type\":\"PropertyValueSpecification\",\"valueRequired\":true,\"valueName\":\"search_term_string\"}}],\"inLanguage\":\"fr-FR\"}]}<\/script>\n<!-- \/ Yoast SEO plugin. -->","yoast_head_json":{"title":"ATELIER TARIFS - Alsace V\u00e9lo Passion","description":"Tarifs atelier v\u00e9lo et VAE \u00e0 Marlenheim, Strasbourg & Bas\u2011Rhin \u2013 prix d\u2019entretien, r\u00e9paration et r\u00e9vision pour tous types de v\u00e9los. Alsace V\u00e9lo Passion, experts v\u00e9lo en Alsace","robots":{"index":"index","follow":"follow","max-snippet":"max-snippet:-1","max-image-preview":"max-image-preview:large","max-video-preview":"max-video-preview:-1"},"canonical":"https:\/\/alsacevelopassion.fr\/services-VAE\/tarifs-de-latelier\/","og_locale":"fr_FR","og_type":"article","og_title":"ATELIER TARIFS - Alsace V\u00e9lo Passion","og_description":"Tarifs atelier v\u00e9lo et VAE \u00e0 Marlenheim, Strasbourg & Bas\u2011Rhin \u2013 prix d\u2019entretien, r\u00e9paration et r\u00e9vision pour tous types de v\u00e9los. Alsace V\u00e9lo Passion, experts v\u00e9lo en Alsace","og_url":"https:\/\/alsacevelopassion.fr\/services-VAE\/tarifs-de-latelier\/","og_site_name":"Alsace V\u00e9lo Passion","article_modified_time":"2026-03-16T15:04:41+00:00","twitter_card":"summary_large_image","schema":{"@context":"https:\/\/schema.org","@graph":[{"@type":"WebPage","@id":"https:\/\/alsacevelopassion.fr\/services-VAE\/tarifs-de-latelier\/","url":"https:\/\/alsacevelopassion.fr\/services-VAE\/tarifs-de-latelier\/","name":"ATELIER TARIFS - Alsace V\u00e9lo Passion","isPartOf":{"@id":"https:\/\/alsacevelopassion.fr\/services-VAE\/#website"},"datePublished":"2022-05-16T13:36:36+00:00","dateModified":"2026-03-16T15:04:41+00:00","description":"Tarifs atelier v\u00e9lo et VAE \u00e0 Marlenheim, Strasbourg & Bas\u2011Rhin \u2013 prix d\u2019entretien, r\u00e9paration et r\u00e9vision pour tous types de v\u00e9los. Alsace V\u00e9lo Passion, experts v\u00e9lo en Alsace","breadcrumb":{"@id":"https:\/\/alsacevelopassion.fr\/services-VAE\/tarifs-de-latelier\/#breadcrumb"},"inLanguage":"fr-FR","potentialAction":[{"@type":"ReadAction","target":["https:\/\/alsacevelopassion.fr\/services-VAE\/tarifs-de-latelier\/"]}]},{"@type":"BreadcrumbList","@id":"https:\/\/alsacevelopassion.fr\/services-VAE\/tarifs-de-latelier\/#breadcrumb","itemListElement":[{"@type":"ListItem","position":1,"name":"Home","item":"https:\/\/alsacevelopassion.fr\/services-VAE\/"},{"@type":"ListItem","position":2,"name":"ATELIER TARIFS"}]},{"@type":"WebSite","@id":"https:\/\/alsacevelopassion.fr\/services-VAE\/#website","url":"https:\/\/alsacevelopassion.fr\/services-VAE\/","name":"Alsace V\u00e9lo Passion","description":"Un site utilisant WordPress","potentialAction":[{"@type":"SearchAction","target":{"@type":"EntryPoint","urlTemplate":"https:\/\/alsacevelopassion.fr\/services-VAE\/?s={search_term_string}"},"query-input":{"@type":"PropertyValueSpecification","valueRequired":true,"valueName":"search_term_string"}}],"inLanguage":"fr-FR"}]}},"_links":{"self":[{"href":"https:\/\/alsacevelopassion.fr\/services-VAE\/wp-json\/wp\/v2\/pages\/454","targetHints":{"allow":["GET"]}}],"collection":[{"href":"https:\/\/alsacevelopassion.fr\/services-VAE\/wp-json\/wp\/v2\/pages"}],"about":[{"href":"https:\/\/alsacevelopassion.fr\/services-VAE\/wp-json\/wp\/v2\/types\/page"}],"author":[{"embeddable":true,"href":"https:\/\/alsacevelopassion.fr\/services-VAE\/wp-json\/wp\/v2\/users\/1"}],"replies":[{"embeddable":true,"href":"https:\/\/alsacevelopassion.fr\/services-VAE\/wp-json\/wp\/v2\/comments?post=454"}],"version-history":[{"count":42,"href":"https:\/\/alsacevelopassion.fr\/services-VAE\/wp-json\/wp\/v2\/pages\/454\/revisions"}],"predecessor-version":[{"id":5315,"href":"https:\/\/alsacevelopassion.fr\/services-VAE\/wp-json\/wp\/v2\/pages\/454\/revisions\/5315"}],"wp:attachment":[{"href":"https:\/\/alsacevelopassion.fr\/services-VAE\/wp-json\/wp\/v2\/media?parent=454"}],"curies":[{"name":"wp","href":"https:\/\/api.w.org\/{rel}","templated":true}]}}